{"id":2991,"date":"2020-10-06T15:12:48","date_gmt":"2020-10-06T13:12:48","guid":{"rendered":"https:\/\/tohi.ee\/kontakt\/"},"modified":"2023-05-31T15:42:29","modified_gmt":"2023-05-31T12:42:29","slug":"contact","status":"publish","type":"page","link":"https:\/\/tohi.ee\/en\/contact\/","title":{"rendered":"Contact"},"content":{"rendered":"[vc_row type=&#8221;full_width_background&#8221; full_screen_row_position=&#8221;middle&#8221; column_margin=&#8221;default&#8221; equal_height=&#8221;yes&#8221; content_placement=&#8221;middle&#8221; column_direction=&#8221;default&#8221; column_direction_tablet=&#8221;default&#8221; column_direction_phone=&#8221;default&#8221; bg_color=&#8221;#d0d7dd&#8221; scene_position=&#8221;center&#8221; top_padding=&#8221;8%&#8221; bottom_padding=&#8221;10%&#8221; text_color=&#8221;light&#8221; text_align=&#8221;left&#8221; row_border_radius=&#8221;none&#8221; row_border_radius_applies=&#8221;bg&#8221; overlay_strength=&#8221;0.3&#8243; gradient_direction=&#8221;left_to_right&#8221; enable_shape_divider=&#8221;true&#8221; shape_divider_color=&#8221;#ffffff&#8221; shape_divider_position=&#8221;bottom&#8221; shape_divider_height=&#8221;100&#8243; bg_image_animation=&#8221;none&#8221; exclude_row_header_color_inherit=&#8221;true&#8221; shape_type=&#8221;tilt&#8221;][vc_column column_padding=&#8221;padding-6-percent&#8221; column_padding_tablet=&#8221;inherit&#8221; column_padding_phone=&#8221;inherit&#8221; column_padding_position=&#8221;all&#8221; column_element_spacing=&#8221;default&#8221; background_color=&#8221;#3d4975&#8243; background_color_opacity=&#8221;1&#8243; background_hover_color_opacity=&#8221;1&#8243; font_color=&#8221;#ffffff&#8221; column_shadow=&#8221;none&#8221; column_border_radius=&#8221;none&#8221; column_link_target=&#8221;_self&#8221; gradient_direction=&#8221;left_to_right&#8221; overlay_strength=&#8221;0.3&#8243; width=&#8221;1\/2&#8243; tablet_width_inherit=&#8221;default&#8221; tablet_text_alignment=&#8221;default&#8221; phone_text_alignment=&#8221;default&#8221; bg_image_animation=&#8221;none&#8221; enable_animation=&#8221;true&#8221; animation=&#8221;flip-in-vertical&#8221; border_type=&#8221;simple&#8221; column_border_width=&#8221;none&#8221; column_border_style=&#8221;solid&#8221;][vc_column_text css=&#8221;.vc_custom_1619640653185{margin-bottom: 10px !important;}&#8221;]\n<h3>Drop us a line<\/h3>\n[\/vc_column_text]\n<div class=\"wpcf7 no-js\" id=\"wpcf7-f2917-o1\" lang=\"en-US\" dir=\"ltr\" data-wpcf7-id=\"2917\">\n<div class=\"screen-reader-response\"><p role=\"status\" aria-live=\"polite\" aria-atomic=\"true\"><\/p> <ul><\/ul><\/div>\n<form action=\"\/en\/wp-json\/wp\/v2\/pages\/2991#wpcf7-f2917-o1\" method=\"post\" class=\"wpcf7-form init\" aria-label=\"Contact form\" novalidate=\"novalidate\" data-status=\"init\">\n<fieldset class=\"hidden-fields-container\"><input type=\"hidden\" name=\"_wpcf7\" value=\"2917\" \/><input type=\"hidden\" name=\"_wpcf7_version\" value=\"6.1.5\" \/><input type=\"hidden\" name=\"_wpcf7_locale\" value=\"en_US\" \/><input type=\"hidden\" name=\"_wpcf7_unit_tag\" value=\"wpcf7-f2917-o1\" \/><input type=\"hidden\" name=\"_wpcf7_container_post\" value=\"0\" \/><input type=\"hidden\" name=\"_wpcf7_posted_data_hash\" value=\"\" \/>\n<\/fieldset>\n<div class=\"row autoheight\">\n\t<div class=\"col-md-6\">\n\t\t<p><span class=\"wpcf7-form-control-wrap\" data-name=\"your-name\"><input size=\"40\" maxlength=\"400\" class=\"wpcf7-form-control wpcf7-text wpcf7-validates-as-required\" aria-required=\"true\" aria-invalid=\"false\" placeholder=\"Name\" value=\"\" type=\"text\" name=\"your-name\" \/><\/span>\n\t\t<\/p>\n\t<\/div>\n\t<div class=\"col-md-6\">\n\t\t<p><span class=\"wpcf7-form-control-wrap\" data-name=\"your-email\"><input size=\"40\" maxlength=\"400\" class=\"wpcf7-form-control wpcf7-email wpcf7-validates-as-required wpcf7-text wpcf7-validates-as-email\" aria-required=\"true\" aria-invalid=\"false\" placeholder=\"E-mail\" value=\"\" type=\"email\" name=\"your-email\" \/><\/span><br \/>\n<span id=\"wpcf7-69def0a471565-wrapper\" class=\"wpcf7-form-control-wrap namenew-wrap\" style=\"display:none !important; visibility:hidden !important;\"><label for=\"wpcf7-69def0a471565-field\" class=\"hp-message\">Please leave this field empty.<\/label><input id=\"wpcf7-69def0a471565-field\"  class=\"wpcf7-form-control wpcf7-text\" type=\"text\" name=\"namenew\" value=\"\" size=\"40\" tabindex=\"-1\" autocomplete=\"new-password\" \/><\/span>\n\t\t<\/p>\n\t<\/div>\n\t<div class=\"col-md-12\">\n\t\t<p><span class=\"wpcf7-form-control-wrap\" data-name=\"your-message\"><textarea cols=\"40\" rows=\"10\" maxlength=\"2000\" class=\"wpcf7-form-control wpcf7-textarea wpcf7-validates-as-required\" aria-required=\"true\" aria-invalid=\"false\" placeholder=\"Message\" name=\"your-message\"><\/textarea><\/span>\n\t\t<\/p>\n\t<\/div>\n\t<p><input class=\"wpcf7-form-control wpcf7-submit has-spinner\" type=\"submit\" value=\"Send\" \/>\n\t<\/p>\n<\/div><div class=\"wpcf7-response-output\" aria-hidden=\"true\"><\/div>\n<\/form>\n<\/div>\n[\/vc_column][vc_column column_padding=&#8221;padding-6-percent&#8221; column_padding_tablet=&#8221;inherit&#8221; column_padding_phone=&#8221;inherit&#8221; column_padding_position=&#8221;all&#8221; column_element_spacing=&#8221;default&#8221; background_color=&#8221;#ff7176&#8243; background_color_opacity=&#8221;1&#8243; background_hover_color_opacity=&#8221;1&#8243; column_shadow=&#8221;x_large_depth&#8221; column_border_radius=&#8221;none&#8221; column_link_target=&#8221;_self&#8221; gradient_direction=&#8221;left_to_right&#8221; overlay_strength=&#8221;0.3&#8243; width=&#8221;1\/2&#8243; tablet_width_inherit=&#8221;default&#8221; tablet_text_alignment=&#8221;default&#8221; phone_text_alignment=&#8221;default&#8221; bg_image_animation=&#8221;none&#8221; enable_animation=&#8221;true&#8221; animation=&#8221;flip-in-vertical&#8221; border_type=&#8221;simple&#8221; column_border_width=&#8221;none&#8221; column_border_style=&#8221;solid&#8221; delay=&#8221;200&#8243;][vc_custom_heading text=&#8221;Tohi Distillery O\u00dc&#8221; font_container=&#8221;tag:h3|font_size:44|text_align:left|color:%23ffffff|line_height:50px&#8221; use_theme_fonts=&#8221;yes&#8221;][vc_column_text css=&#8221;.vc_custom_1685536992698{margin-top: 30px !important;margin-bottom: 60px !important;}&#8221;]Viljandi mnt. 43, Kohila<br \/>\n79804 Raplamaa<br \/>\nESTONIA<\/p>\n<p><a style=\"color: #fff;\" href=\"mailto:events@tohi.ee\">events@tohi.ee<\/a><\/p>\n<p><a style=\"color: #fff;\" href=\"tel:+372 525 3554\">+372 5253554<\/a><\/p>\n[\/vc_column_text][vc_raw_html el_class=&#8221;contact-reseller-shape-divider&#8221;]JTNDZGl2JTIwY2xhc3MlM0QlMjJuZWN0YXItc2hhcGUtZGl2aWRlci13cmFwJTIwJTIyJTIwc3R5bGUlM0QlMjIlMjBoZWlnaHQlM0ExMDBweCUzQiUyMiUyMGRhdGEtZnJvbnQlM0QlMjIlMjIlMjBkYXRhLXN0eWxlJTNEJTIydGlsdF9hbHQlMjIlMjBkYXRhLXBvc2l0aW9uJTNEJTIyYm90dG9tJTIyJTNFJTNDc3ZnJTIwY2xhc3MlM0QlMjJuZWN0YXItc2hhcGUtZGl2aWRlciUyMiUyMGZpbGwlM0QlMjIlMjMzZDQ5NzUlMjIlMjB4bWxucyUzRCUyMmh0dHAlM0ElMkYlMkZ3d3cudzMub3JnJTJGMjAwMCUyRnN2ZyUyMiUyMHZpZXdCb3glM0QlMjIwJTIwMCUyMDEwMCUyMDEwJTIyJTIwcHJlc2VydmVBc3BlY3RSYXRpbyUzRCUyMm5vbmUlMjIlM0UlMjAlM0Nwb2x5Z29uJTIwcG9pbnRzJTNEJTIyMTAwJTIwMTAlMjAxMDAlMjAwJTIwLTQlMjAxMCUyMiUzRSUzQyUyRnBvbHlnb24lM0UlMjAlM0MlMkZzdmclM0UlM0MlMkZkaXYlM0U=[\/vc_raw_html][vc_column_text el_class=&#8221;contact-reseller&#8221;]<a href=\"https:\/\/momentinbaltics.com\/estonia\/kontakt\/?lang=et\" target=\"_blank\" rel=\"noopener noreferrer\">Momentin Eesti O\u00dc is the official distributor of TOHI Gins in the Baltics.<\/a><\/p>\n<p>e-mail: <a href=\"mailto:momentineesti@momentin.ee\" target=\"_blank\" rel=\"noopener noreferrer\"><span id=\"wpmt-361399-25314\">momentineesti@momentin.ee<\/span><\/a>[\/vc_column_text][\/vc_column][\/vc_row][vc_row type=&#8221;full_width_background&#8221; full_screen_row_position=&#8221;middle&#8221; column_margin=&#8221;default&#8221; column_direction=&#8221;default&#8221; column_direction_tablet=&#8221;default&#8221; column_direction_phone=&#8221;default&#8221; bg_color=&#8221;#3d4975&#8243; scene_position=&#8221;center&#8221; top_padding=&#8221;2%&#8221; bottom_padding=&#8221;8%&#8221; text_color=&#8221;dark&#8221; text_align=&#8221;left&#8221; row_border_radius=&#8221;none&#8221; row_border_radius_applies=&#8221;bg&#8221; overlay_strength=&#8221;0.3&#8243; gradient_direction=&#8221;left_to_right&#8221; shape_divider_color=&#8221;#ffffff&#8221; shape_divider_position=&#8221;top&#8221; shape_divider_height=&#8221;100&#8243; bg_image_animation=&#8221;none&#8221; shape_type=&#8221;&#8221;][vc_column column_padding=&#8221;no-extra-padding&#8221; column_padding_tablet=&#8221;inherit&#8221; column_padding_phone=&#8221;inherit&#8221; column_padding_position=&#8221;all&#8221; column_element_spacing=&#8221;default&#8221; background_color_opacity=&#8221;1&#8243; background_hover_color_opacity=&#8221;1&#8243; column_shadow=&#8221;none&#8221; column_border_radius=&#8221;none&#8221; column_link_target=&#8221;_self&#8221; gradient_direction=&#8221;left_to_right&#8221; overlay_strength=&#8221;0.3&#8243; width=&#8221;1\/1&#8243; tablet_width_inherit=&#8221;default&#8221; tablet_text_alignment=&#8221;default&#8221; phone_text_alignment=&#8221;default&#8221; bg_image_animation=&#8221;none&#8221; border_type=&#8221;simple&#8221; column_border_width=&#8221;none&#8221; column_border_style=&#8221;solid&#8221;][split_line_heading animation_type=&#8221;line-reveal-by-space&#8221; font_style=&#8221;h2&#8243; content_alignment=&#8221;default&#8221; mobile_content_alignment=&#8221;inherit&#8221; text_content=&#8221;Location&#8221; max_width=&#8221;550&#8243;]\n<h2><\/h2>\n[\/split_line_heading][vc_raw_html]JTNDaWZyYW1lJTIwc3JjJTNEJTIyaHR0cHMlM0ElMkYlMkZ3d3cuZ29vZ2xlLmNvbSUyRm1hcHMlMkZlbWJlZCUzRnBiJTNEJTIxMW0xOCUyMTFtMTIlMjExbTMlMjExZDQwOTAuNzA2NDIxODkwMTUwNSUyMTJkMjQuNzYzNTI0NzMzNzU1MzI1JTIxM2Q1OS4xNTk5NDc0MzE2MzM2NCUyMTJtMyUyMTFmMCUyMTJmMCUyMTNmMCUyMTNtMiUyMTFpMTAyNCUyMTJpNzY4JTIxNGYxMy4xJTIxM20zJTIxMW0yJTIxMXMweDQ2OTJjNTk4NmM4NGZhZjklMjUzQTB4OWU5YTAyMDkwZmI4YmU5NCUyMTJzVmlsamFuZGklMjUyMG1hYW50ZWUlMjUyMDQzJTI1MkMlMjUyMEtvaGlsYSUyNTJDJTI1MjA3OTgwNyUyNTIwUmFwbGElMjUyMG1hYWtvbmQlMjE1ZTAlMjEzbTIlMjExc2VuJTIxMnNlZSUyMTR2MTYwMTk4Nzg5NTAyOSUyMTVtMiUyMTFzZW4lMjEyc2VlJTIyJTIwd2lkdGglM0QlMjIxMDAlMjUlMjIlMjBoZWlnaHQlM0QlMjI2NTAlMjIlMjBmcmFtZWJvcmRlciUzRCUyMjAlMjIlMjBzdHlsZSUzRCUyMmJvcmRlciUzQTAlM0IlMjIlMjBhbGxvd2Z1bGxzY3JlZW4lM0QlMjIlMjIlMjBhcmlhLWhpZGRlbiUzRCUyMmZhbHNlJTIyJTIwdGFiaW5kZXglM0QlMjIwJTIyJTNFJTNDJTJGaWZyYW1lJTNF[\/vc_raw_html][\/vc_column][\/vc_row]\n","protected":false},"excerpt":{"rendered":"<p>[vc_row type=&#8221;full_width_background&#8221; full_screen_row_position=&#8221;middle&#8221; column_margin=&#8221;default&#8221; equal_height=&#8221;yes&#8221; content_placement=&#8221;middle&#8221; column_direction=&#8221;default&#8221; column_direction_tablet=&#8221;default&#8221; column_direction_phone=&#8221;default&#8221; bg_color=&#8221;#d0d7dd&#8221; scene_position=&#8221;center&#8221; top_padding=&#8221;8%&#8221; bottom_padding=&#8221;10%&#8221; text_color=&#8221;light&#8221; text_align=&#8221;left&#8221; row_border_radius=&#8221;none&#8221; row_border_radius_applies=&#8221;bg&#8221; overlay_strength=&#8221;0.3&#8243; gradient_direction=&#8221;left_to_right&#8221; enable_shape_divider=&#8221;true&#8221; shape_divider_color=&#8221;#ffffff&#8221; shape_divider_position=&#8221;bottom&#8221; shape_divider_height=&#8221;100&#8243; bg_image_animation=&#8221;none&#8221; exclude_row_header_color_inherit=&#8221;true&#8221; shape_type=&#8221;tilt&#8221;][vc_column column_padding=&#8221;padding-6-percent&#8221; column_padding_tablet=&#8221;inherit&#8221; column_padding_phone=&#8221;inherit&#8221; column_padding_position=&#8221;all&#8221;&#8230;<\/p>\n","protected":false},"author":1,"featured_media":0,"parent":0,"menu_order":0,"comment_status":"closed","ping_status":"closed","template":"","meta":{"inline_featured_image":false,"footnotes":""},"class_list":["post-2991","page","type-page","status-publish"],"yoast_head":"<!-- This site is optimized with the Yoast SEO plugin v27.0 - https:\/\/yoast.com\/product\/yoast-seo-wordpress\/ -->\n<title>Tohi Gin &amp; Distillery contact - people, sales, export &amp; distribution<\/title>\n<meta name=\"description\" content=\"Tohi Distillery contact - our people, master distiller, sales, owners and the rest. Tohi Gins distribution, export and sales. Contact us.\" \/>\n<meta name=\"robots\" content=\"index, follow, max-snippet:-1, max-image-preview:large, max-video-preview:-1\" \/>\n<link rel=\"canonical\" href=\"https:\/\/tohi.ee\/en\/contact\/\" \/>\n<meta property=\"og:locale\" content=\"en_US\" \/>\n<meta property=\"og:type\" content=\"article\" \/>\n<meta property=\"og:title\" content=\"Tohi Gin &amp; Distillery contact - people, sales, export &amp; distribution\" \/>\n<meta property=\"og:description\" content=\"Tohi Distillery contact - our people, master distiller, sales, owners and the rest. Tohi Gins distribution, export and sales. Contact us.\" \/>\n<meta property=\"og:url\" content=\"https:\/\/tohi.ee\/en\/contact\/\" \/>\n<meta property=\"og:site_name\" content=\"TOHI\" \/>\n<meta property=\"article:publisher\" content=\"https:\/\/www.facebook.com\/tohidistillery\" \/>\n<meta property=\"article:modified_time\" content=\"2023-05-31T12:42:29+00:00\" \/>\n<meta property=\"og:image\" content=\"https:\/\/tohi.ee\/wp-content\/uploads\/2024\/10\/tohi-distillery-maja-joekaldal-kohilas-1024x683.png\" \/>\n\t<meta property=\"og:image:width\" content=\"1024\" \/>\n\t<meta property=\"og:image:height\" content=\"683\" \/>\n\t<meta property=\"og:image:type\" content=\"image\/png\" \/>\n<meta name=\"twitter:card\" content=\"summary_large_image\" \/>\n<meta name=\"twitter:label1\" content=\"Est. reading time\" \/>\n\t<meta name=\"twitter:data1\" content=\"1 minute\" \/>\n<script type=\"application\/ld+json\" class=\"yoast-schema-graph\">{\"@context\":\"https:\/\/schema.org\",\"@graph\":[{\"@type\":\"WebPage\",\"@id\":\"https:\/\/tohi.ee\/en\/contact\/\",\"url\":\"https:\/\/tohi.ee\/en\/contact\/\",\"name\":\"Tohi Gin & Distillery contact - people, sales, export & distribution\",\"isPartOf\":{\"@id\":\"https:\/\/tohi.ee\/#website\"},\"datePublished\":\"2020-10-06T13:12:48+00:00\",\"dateModified\":\"2023-05-31T12:42:29+00:00\",\"description\":\"Tohi Distillery contact - our people, master distiller, sales, owners and the rest. Tohi Gins distribution, export and sales. Contact us.\",\"breadcrumb\":{\"@id\":\"https:\/\/tohi.ee\/en\/contact\/#breadcrumb\"},\"inLanguage\":\"en-US\",\"potentialAction\":[{\"@type\":\"ReadAction\",\"target\":[\"https:\/\/tohi.ee\/en\/contact\/\"]}]},{\"@type\":\"BreadcrumbList\",\"@id\":\"https:\/\/tohi.ee\/en\/contact\/#breadcrumb\",\"itemListElement\":[{\"@type\":\"ListItem\",\"position\":1,\"name\":\"Home\",\"item\":\"https:\/\/tohi.ee\/en\/\"},{\"@type\":\"ListItem\",\"position\":2,\"name\":\"Contact\"}]},{\"@type\":\"WebSite\",\"@id\":\"https:\/\/tohi.ee\/#website\",\"url\":\"https:\/\/tohi.ee\/\",\"name\":\"TOHI K\u00fclastuskeskus\",\"description\":\"D\u017einnivabrik ja ruumide rent pidudeks, s\u00fcndmusteks. Ekskursioonid\",\"publisher\":{\"@id\":\"https:\/\/tohi.ee\/#organization\"},\"potentialAction\":[{\"@type\":\"SearchAction\",\"target\":{\"@type\":\"EntryPoint\",\"urlTemplate\":\"https:\/\/tohi.ee\/?s={search_term_string}\"},\"query-input\":{\"@type\":\"PropertyValueSpecification\",\"valueRequired\":true,\"valueName\":\"search_term_string\"}}],\"inLanguage\":\"en-US\"},{\"@type\":\"Organization\",\"@id\":\"https:\/\/tohi.ee\/#organization\",\"name\":\"Tohi Distillery\",\"url\":\"https:\/\/tohi.ee\/\",\"logo\":{\"@type\":\"ImageObject\",\"inLanguage\":\"en-US\",\"@id\":\"https:\/\/tohi.ee\/#\/schema\/logo\/image\/\",\"url\":\"https:\/\/tohi.ee\/wp-content\/uploads\/2021\/01\/tohi-logo-r-1.png\",\"contentUrl\":\"https:\/\/tohi.ee\/wp-content\/uploads\/2021\/01\/tohi-logo-r-1.png\",\"width\":88,\"height\":120,\"caption\":\"Tohi Distillery\"},\"image\":{\"@id\":\"https:\/\/tohi.ee\/#\/schema\/logo\/image\/\"},\"sameAs\":[\"https:\/\/www.facebook.com\/tohidistillery\",\"https:\/\/www.instagram.com\/tohidistillery\/\"]}]}<\/script>\n<!-- \/ Yoast SEO plugin. -->","yoast_head_json":{"title":"Tohi Gin & Distillery contact - people, sales, export & distribution","description":"Tohi Distillery contact - our people, master distiller, sales, owners and the rest. Tohi Gins distribution, export and sales. Contact us.","robots":{"index":"index","follow":"follow","max-snippet":"max-snippet:-1","max-image-preview":"max-image-preview:large","max-video-preview":"max-video-preview:-1"},"canonical":"https:\/\/tohi.ee\/en\/contact\/","og_locale":"en_US","og_type":"article","og_title":"Tohi Gin & Distillery contact - people, sales, export & distribution","og_description":"Tohi Distillery contact - our people, master distiller, sales, owners and the rest. Tohi Gins distribution, export and sales. Contact us.","og_url":"https:\/\/tohi.ee\/en\/contact\/","og_site_name":"TOHI","article_publisher":"https:\/\/www.facebook.com\/tohidistillery","article_modified_time":"2023-05-31T12:42:29+00:00","og_image":[{"width":1024,"height":683,"url":"https:\/\/tohi.ee\/wp-content\/uploads\/2024\/10\/tohi-distillery-maja-joekaldal-kohilas-1024x683.png","type":"image\/png"}],"twitter_card":"summary_large_image","twitter_misc":{"Est. reading time":"1 minute"},"schema":{"@context":"https:\/\/schema.org","@graph":[{"@type":"WebPage","@id":"https:\/\/tohi.ee\/en\/contact\/","url":"https:\/\/tohi.ee\/en\/contact\/","name":"Tohi Gin & Distillery contact - people, sales, export & distribution","isPartOf":{"@id":"https:\/\/tohi.ee\/#website"},"datePublished":"2020-10-06T13:12:48+00:00","dateModified":"2023-05-31T12:42:29+00:00","description":"Tohi Distillery contact - our people, master distiller, sales, owners and the rest. Tohi Gins distribution, export and sales. Contact us.","breadcrumb":{"@id":"https:\/\/tohi.ee\/en\/contact\/#breadcrumb"},"inLanguage":"en-US","potentialAction":[{"@type":"ReadAction","target":["https:\/\/tohi.ee\/en\/contact\/"]}]},{"@type":"BreadcrumbList","@id":"https:\/\/tohi.ee\/en\/contact\/#breadcrumb","itemListElement":[{"@type":"ListItem","position":1,"name":"Home","item":"https:\/\/tohi.ee\/en\/"},{"@type":"ListItem","position":2,"name":"Contact"}]},{"@type":"WebSite","@id":"https:\/\/tohi.ee\/#website","url":"https:\/\/tohi.ee\/","name":"TOHI K\u00fclastuskeskus","description":"D\u017einnivabrik ja ruumide rent pidudeks, s\u00fcndmusteks. Ekskursioonid","publisher":{"@id":"https:\/\/tohi.ee\/#organization"},"potentialAction":[{"@type":"SearchAction","target":{"@type":"EntryPoint","urlTemplate":"https:\/\/tohi.ee\/?s={search_term_string}"},"query-input":{"@type":"PropertyValueSpecification","valueRequired":true,"valueName":"search_term_string"}}],"inLanguage":"en-US"},{"@type":"Organization","@id":"https:\/\/tohi.ee\/#organization","name":"Tohi Distillery","url":"https:\/\/tohi.ee\/","logo":{"@type":"ImageObject","inLanguage":"en-US","@id":"https:\/\/tohi.ee\/#\/schema\/logo\/image\/","url":"https:\/\/tohi.ee\/wp-content\/uploads\/2021\/01\/tohi-logo-r-1.png","contentUrl":"https:\/\/tohi.ee\/wp-content\/uploads\/2021\/01\/tohi-logo-r-1.png","width":88,"height":120,"caption":"Tohi Distillery"},"image":{"@id":"https:\/\/tohi.ee\/#\/schema\/logo\/image\/"},"sameAs":["https:\/\/www.facebook.com\/tohidistillery","https:\/\/www.instagram.com\/tohidistillery\/"]}]}},"_links":{"self":[{"href":"https:\/\/tohi.ee\/en\/wp-json\/wp\/v2\/pages\/2991","targetHints":{"allow":["GET"]}}],"collection":[{"href":"https:\/\/tohi.ee\/en\/wp-json\/wp\/v2\/pages"}],"about":[{"href":"https:\/\/tohi.ee\/en\/wp-json\/wp\/v2\/types\/page"}],"author":[{"embeddable":true,"href":"https:\/\/tohi.ee\/en\/wp-json\/wp\/v2\/users\/1"}],"replies":[{"embeddable":true,"href":"https:\/\/tohi.ee\/en\/wp-json\/wp\/v2\/comments?post=2991"}],"version-history":[{"count":19,"href":"https:\/\/tohi.ee\/en\/wp-json\/wp\/v2\/pages\/2991\/revisions"}],"predecessor-version":[{"id":10169,"href":"https:\/\/tohi.ee\/en\/wp-json\/wp\/v2\/pages\/2991\/revisions\/10169"}],"wp:attachment":[{"href":"https:\/\/tohi.ee\/en\/wp-json\/wp\/v2\/media?parent=2991"}],"curies":[{"name":"wp","href":"https:\/\/api.w.org\/{rel}","templated":true}]}}