{"id":4142,"date":"2021-04-22T08:37:11","date_gmt":"2021-04-22T06:37:11","guid":{"rendered":"https:\/\/tohi.ee\/tohi-gin\/"},"modified":"2024-10-07T09:09:38","modified_gmt":"2024-10-07T06:09:38","slug":"tohi-gin","status":"publish","type":"page","link":"https:\/\/tohi.ee\/en\/","title":{"rendered":"TOHI Gin"},"content":{"rendered":"[vc_row type=&#8221;full_width_background&#8221; full_screen_row_position=&#8221;middle&#8221; column_margin=&#8221;default&#8221; column_direction=&#8221;default&#8221; column_direction_tablet=&#8221;default&#8221; column_direction_phone=&#8221;default&#8221; bg_image=&#8221;5960&#8243; bg_position=&#8221;left top&#8221; background_image_loading=&#8221;default&#8221; bg_repeat=&#8221;no-repeat&#8221; full_height=&#8221;yes&#8221; scene_position=&#8221;center&#8221; top_padding=&#8221;2%&#8221; bottom_padding=&#8221;1%&#8221; text_color=&#8221;light&#8221; text_align=&#8221;left&#8221; row_border_radius=&#8221;none&#8221; row_border_radius_applies=&#8221;bg&#8221; enable_gradient=&#8221;true&#8221; color_overlay=&#8221;rgba(0,0,0,0.6)&#8221; color_overlay_2=&#8221;rgba(10,10,10,0.27)&#8221; overlay_strength=&#8221;0.8&#8243; gradient_direction=&#8221;top_to_bottom&#8221; shape_divider_color=&#8221;#3d4975&#8243; shape_divider_position=&#8221;top&#8221; shape_divider_height=&#8221;300&#8243; bg_image_animation=&#8221;none&#8221; parallax_bg=&#8221;true&#8221; parallax_bg_speed=&#8221;fast&#8221; shape_type=&#8221;tilt&#8221;][vc_column column_padding=&#8221;no-extra-padding&#8221; column_padding_tablet=&#8221;inherit&#8221; column_padding_phone=&#8221;inherit&#8221; column_padding_position=&#8221;all&#8221; column_element_spacing=&#8221;default&#8221; centered_text=&#8221;true&#8221; background_color_opacity=&#8221;1&#8243; background_hover_color_opacity=&#8221;1&#8243; column_shadow=&#8221;none&#8221; column_border_radius=&#8221;none&#8221; column_link_target=&#8221;_self&#8221; gradient_direction=&#8221;left_to_right&#8221; overlay_strength=&#8221;0.3&#8243; width=&#8221;1\/1&#8243; tablet_width_inherit=&#8221;default&#8221; tablet_text_alignment=&#8221;default&#8221; phone_text_alignment=&#8221;default&#8221; bg_image_animation=&#8221;none&#8221; border_type=&#8221;simple&#8221; column_border_width=&#8221;none&#8221; column_border_style=&#8221;solid&#8221;][split_line_heading animation_type=&#8221;default&#8221;]\n<h1>Visit TOHI Distillery<\/h1>\n[\/split_line_heading][divider line_type=&#8221;Small Line&#8221; line_alignment=&#8221;default&#8221; line_thickness=&#8221;2&#8243; divider_color=&#8221;accent-color&#8221; animate=&#8221;yes&#8221; custom_height=&#8221;40&#8243; custom_line_width=&#8221;40&#8243;][vc_custom_heading text=&#8221;TOHI is not just about the gin. In fact, it\u00b4s an open distillery with open doors to everyone. Come and witness the making of gins. Organize here your meeting, a training session, birthday party or a corporate event. Gintastic events guaranteed. You see, here we have fresh and light filled meeting rooms across the 2 floors of the unique distillery.&#8221; font_container=&#8221;tag:h5|font_size:20|text_align:center|line_height:36px&#8221; google_fonts=&#8221;font_family:Roboto%3A100%2C100italic%2C300%2C300italic%2Cregular%2Citalic%2C500%2C500italic%2C700%2C700italic%2C900%2C900italic|font_style:300%20light%20regular%3A300%3Anormal&#8221; css=&#8221;.vc_custom_1660910283622{padding-right: 10% !important;padding-left: 10% !important;}&#8221;][nectar_btn size=&#8221;large&#8221; constrain_group_2=&#8221;yes&#8221; button_style=&#8221;regular&#8221; button_color_2=&#8221;Accent-Color&#8221; color_override=&#8221;#ff7176&#8243; icon_family=&#8221;none&#8221; text=&#8221;WELCOME&#8221; margin_top=&#8221;40&#8243; margin_bottom=&#8221;10&#8243; margin_left=&#8221;10&#8243; margin_right=&#8221;10&#8243; url=&#8221;\/visit&#8221;][\/vc_column][\/vc_row]\n","protected":false},"excerpt":{"rendered":"<p>[vc_row type=&#8221;full_width_background&#8221; full_screen_row_position=&#8221;middle&#8221; column_margin=&#8221;default&#8221; column_direction=&#8221;default&#8221; column_direction_tablet=&#8221;default&#8221; column_direction_phone=&#8221;default&#8221; bg_image=&#8221;5960&#8243; bg_position=&#8221;left top&#8221; background_image_loading=&#8221;default&#8221; bg_repeat=&#8221;no-repeat&#8221; full_height=&#8221;yes&#8221; scene_position=&#8221;center&#8221; top_padding=&#8221;2%&#8221; bottom_padding=&#8221;1%&#8221; text_color=&#8221;light&#8221; text_align=&#8221;left&#8221; row_border_radius=&#8221;none&#8221; row_border_radius_applies=&#8221;bg&#8221; enable_gradient=&#8221;true&#8221; color_overlay=&#8221;rgba(0,0,0,0.6)&#8221; color_overlay_2=&#8221;rgba(10,10,10,0.27)&#8221; overlay_strength=&#8221;0.8&#8243; gradient_direction=&#8221;top_to_bottom&#8221; shape_divider_color=&#8221;#3d4975&#8243; shape_divider_position=&#8221;top&#8221; shape_divider_height=&#8221;300&#8243; bg_image_animation=&#8221;none&#8221; parallax_bg=&#8221;true&#8221;&#8230;<\/p>\n","protected":false},"author":1,"featured_media":0,"parent":0,"menu_order":0,"comment_status":"closed","ping_status":"closed","template":"","meta":{"inline_featured_image":false,"footnotes":""},"class_list":["post-4142","page","type-page","status-publish"],"yoast_head":"<!-- This site is optimized with the Yoast SEO plugin v27.0 - https:\/\/yoast.com\/product\/yoast-seo-wordpress\/ -->\n<title>Tohi Distillery k\u00e4sit\u00f6\u00f6d\u017einnid. K\u00fclastuskeskus, d\u017einnituurid ja ruumide rent.<\/title>\n<meta name=\"description\" content=\"K\u00e4sit\u00f6\u00f6d\u017einnid Tohilt. Auhinnatud parim murakad\u017einn Cloudberry Mist, London Dry, eriline Aronia Infused Gin. K\u00fclastuskeskus, d\u017einnipood.\" \/>\n<meta name=\"robots\" content=\"index, follow, max-snippet:-1, max-image-preview:large, max-video-preview:-1\" \/>\n<link rel=\"canonical\" href=\"https:\/\/tohi.ee\/en\/\" \/>\n<meta property=\"og:locale\" content=\"en_US\" \/>\n<meta property=\"og:type\" content=\"article\" \/>\n<meta property=\"og:title\" content=\"Tohi Distillery k\u00e4sit\u00f6\u00f6d\u017einnid. K\u00fclastuskeskus, d\u017einnituurid ja ruumide rent.\" \/>\n<meta property=\"og:description\" content=\"K\u00e4sit\u00f6\u00f6d\u017einnid Tohilt. Auhinnatud parim murakad\u017einn Cloudberry Mist, London Dry, eriline Aronia Infused Gin. K\u00fclastuskeskus, d\u017einnipood.\" \/>\n<meta property=\"og:url\" content=\"https:\/\/tohi.ee\/en\/\" \/>\n<meta property=\"og:site_name\" content=\"TOHI\" \/>\n<meta property=\"article:publisher\" content=\"https:\/\/www.facebook.com\/tohidistillery\" \/>\n<meta property=\"article:modified_time\" content=\"2024-10-07T06:09:38+00:00\" \/>\n<meta property=\"og:image\" content=\"https:\/\/tohi.ee\/wp-content\/uploads\/2024\/10\/tohi-distillery-maja-joekaldal-kohilas-1024x683.png\" \/>\n\t<meta property=\"og:image:width\" content=\"1024\" \/>\n\t<meta property=\"og:image:height\" content=\"683\" \/>\n\t<meta property=\"og:image:type\" content=\"image\/png\" \/>\n<meta name=\"twitter:card\" content=\"summary_large_image\" \/>\n<meta name=\"twitter:label1\" content=\"Est. reading time\" \/>\n\t<meta name=\"twitter:data1\" content=\"1 minute\" \/>\n<script type=\"application\/ld+json\" class=\"yoast-schema-graph\">{\"@context\":\"https:\/\/schema.org\",\"@graph\":[{\"@type\":\"WebPage\",\"@id\":\"https:\/\/tohi.ee\/en\/\",\"url\":\"https:\/\/tohi.ee\/en\/\",\"name\":\"Tohi Distillery k\u00e4sit\u00f6\u00f6d\u017einnid. K\u00fclastuskeskus, d\u017einnituurid ja ruumide rent.\",\"isPartOf\":{\"@id\":\"https:\/\/tohi.ee\/#website\"},\"datePublished\":\"2021-04-22T06:37:11+00:00\",\"dateModified\":\"2024-10-07T06:09:38+00:00\",\"description\":\"K\u00e4sit\u00f6\u00f6d\u017einnid Tohilt. Auhinnatud parim murakad\u017einn Cloudberry Mist, London Dry, eriline Aronia Infused Gin. K\u00fclastuskeskus, d\u017einnipood.\",\"breadcrumb\":{\"@id\":\"https:\/\/tohi.ee\/en\/#breadcrumb\"},\"inLanguage\":\"en-US\",\"potentialAction\":[{\"@type\":\"ReadAction\",\"target\":[\"https:\/\/tohi.ee\/en\/\"]}]},{\"@type\":\"BreadcrumbList\",\"@id\":\"https:\/\/tohi.ee\/en\/#breadcrumb\",\"itemListElement\":[{\"@type\":\"ListItem\",\"position\":1,\"name\":\"Home\",\"item\":\"https:\/\/tohi.ee\/en\/\"},{\"@type\":\"ListItem\",\"position\":2,\"name\":\"TOHI Gin\"}]},{\"@type\":\"WebSite\",\"@id\":\"https:\/\/tohi.ee\/#website\",\"url\":\"https:\/\/tohi.ee\/\",\"name\":\"TOHI K\u00fclastuskeskus\",\"description\":\"D\u017einnivabrik ja ruumide rent pidudeks, s\u00fcndmusteks. Ekskursioonid\",\"publisher\":{\"@id\":\"https:\/\/tohi.ee\/#organization\"},\"potentialAction\":[{\"@type\":\"SearchAction\",\"target\":{\"@type\":\"EntryPoint\",\"urlTemplate\":\"https:\/\/tohi.ee\/?s={search_term_string}\"},\"query-input\":{\"@type\":\"PropertyValueSpecification\",\"valueRequired\":true,\"valueName\":\"search_term_string\"}}],\"inLanguage\":\"en-US\"},{\"@type\":\"Organization\",\"@id\":\"https:\/\/tohi.ee\/#organization\",\"name\":\"Tohi Distillery\",\"url\":\"https:\/\/tohi.ee\/\",\"logo\":{\"@type\":\"ImageObject\",\"inLanguage\":\"en-US\",\"@id\":\"https:\/\/tohi.ee\/#\/schema\/logo\/image\/\",\"url\":\"https:\/\/tohi.ee\/wp-content\/uploads\/2021\/01\/tohi-logo-r-1.png\",\"contentUrl\":\"https:\/\/tohi.ee\/wp-content\/uploads\/2021\/01\/tohi-logo-r-1.png\",\"width\":88,\"height\":120,\"caption\":\"Tohi Distillery\"},\"image\":{\"@id\":\"https:\/\/tohi.ee\/#\/schema\/logo\/image\/\"},\"sameAs\":[\"https:\/\/www.facebook.com\/tohidistillery\",\"https:\/\/www.instagram.com\/tohidistillery\/\"]}]}<\/script>\n<!-- \/ Yoast SEO plugin. -->","yoast_head_json":{"title":"Tohi Distillery k\u00e4sit\u00f6\u00f6d\u017einnid. K\u00fclastuskeskus, d\u017einnituurid ja ruumide rent.","description":"K\u00e4sit\u00f6\u00f6d\u017einnid Tohilt. Auhinnatud parim murakad\u017einn Cloudberry Mist, London Dry, eriline Aronia Infused Gin. K\u00fclastuskeskus, d\u017einnipood.","robots":{"index":"index","follow":"follow","max-snippet":"max-snippet:-1","max-image-preview":"max-image-preview:large","max-video-preview":"max-video-preview:-1"},"canonical":"https:\/\/tohi.ee\/en\/","og_locale":"en_US","og_type":"article","og_title":"Tohi Distillery k\u00e4sit\u00f6\u00f6d\u017einnid. K\u00fclastuskeskus, d\u017einnituurid ja ruumide rent.","og_description":"K\u00e4sit\u00f6\u00f6d\u017einnid Tohilt. Auhinnatud parim murakad\u017einn Cloudberry Mist, London Dry, eriline Aronia Infused Gin. K\u00fclastuskeskus, d\u017einnipood.","og_url":"https:\/\/tohi.ee\/en\/","og_site_name":"TOHI","article_publisher":"https:\/\/www.facebook.com\/tohidistillery","article_modified_time":"2024-10-07T06:09:38+00:00","og_image":[{"width":1024,"height":683,"url":"https:\/\/tohi.ee\/wp-content\/uploads\/2024\/10\/tohi-distillery-maja-joekaldal-kohilas-1024x683.png","type":"image\/png"}],"twitter_card":"summary_large_image","twitter_misc":{"Est. reading time":"1 minute"},"schema":{"@context":"https:\/\/schema.org","@graph":[{"@type":"WebPage","@id":"https:\/\/tohi.ee\/en\/","url":"https:\/\/tohi.ee\/en\/","name":"Tohi Distillery k\u00e4sit\u00f6\u00f6d\u017einnid. K\u00fclastuskeskus, d\u017einnituurid ja ruumide rent.","isPartOf":{"@id":"https:\/\/tohi.ee\/#website"},"datePublished":"2021-04-22T06:37:11+00:00","dateModified":"2024-10-07T06:09:38+00:00","description":"K\u00e4sit\u00f6\u00f6d\u017einnid Tohilt. Auhinnatud parim murakad\u017einn Cloudberry Mist, London Dry, eriline Aronia Infused Gin. K\u00fclastuskeskus, d\u017einnipood.","breadcrumb":{"@id":"https:\/\/tohi.ee\/en\/#breadcrumb"},"inLanguage":"en-US","potentialAction":[{"@type":"ReadAction","target":["https:\/\/tohi.ee\/en\/"]}]},{"@type":"BreadcrumbList","@id":"https:\/\/tohi.ee\/en\/#breadcrumb","itemListElement":[{"@type":"ListItem","position":1,"name":"Home","item":"https:\/\/tohi.ee\/en\/"},{"@type":"ListItem","position":2,"name":"TOHI Gin"}]},{"@type":"WebSite","@id":"https:\/\/tohi.ee\/#website","url":"https:\/\/tohi.ee\/","name":"TOHI K\u00fclastuskeskus","description":"D\u017einnivabrik ja ruumide rent pidudeks, s\u00fcndmusteks. Ekskursioonid","publisher":{"@id":"https:\/\/tohi.ee\/#organization"},"potentialAction":[{"@type":"SearchAction","target":{"@type":"EntryPoint","urlTemplate":"https:\/\/tohi.ee\/?s={search_term_string}"},"query-input":{"@type":"PropertyValueSpecification","valueRequired":true,"valueName":"search_term_string"}}],"inLanguage":"en-US"},{"@type":"Organization","@id":"https:\/\/tohi.ee\/#organization","name":"Tohi Distillery","url":"https:\/\/tohi.ee\/","logo":{"@type":"ImageObject","inLanguage":"en-US","@id":"https:\/\/tohi.ee\/#\/schema\/logo\/image\/","url":"https:\/\/tohi.ee\/wp-content\/uploads\/2021\/01\/tohi-logo-r-1.png","contentUrl":"https:\/\/tohi.ee\/wp-content\/uploads\/2021\/01\/tohi-logo-r-1.png","width":88,"height":120,"caption":"Tohi Distillery"},"image":{"@id":"https:\/\/tohi.ee\/#\/schema\/logo\/image\/"},"sameAs":["https:\/\/www.facebook.com\/tohidistillery","https:\/\/www.instagram.com\/tohidistillery\/"]}]}},"_links":{"self":[{"href":"https:\/\/tohi.ee\/en\/wp-json\/wp\/v2\/pages\/4142","targetHints":{"allow":["GET"]}}],"collection":[{"href":"https:\/\/tohi.ee\/en\/wp-json\/wp\/v2\/pages"}],"about":[{"href":"https:\/\/tohi.ee\/en\/wp-json\/wp\/v2\/types\/page"}],"author":[{"embeddable":true,"href":"https:\/\/tohi.ee\/en\/wp-json\/wp\/v2\/users\/1"}],"replies":[{"embeddable":true,"href":"https:\/\/tohi.ee\/en\/wp-json\/wp\/v2\/comments?post=4142"}],"version-history":[{"count":15,"href":"https:\/\/tohi.ee\/en\/wp-json\/wp\/v2\/pages\/4142\/revisions"}],"predecessor-version":[{"id":10507,"href":"https:\/\/tohi.ee\/en\/wp-json\/wp\/v2\/pages\/4142\/revisions\/10507"}],"wp:attachment":[{"href":"https:\/\/tohi.ee\/en\/wp-json\/wp\/v2\/media?parent=4142"}],"curies":[{"name":"wp","href":"https:\/\/api.w.org\/{rel}","templated":true}]}}