{"id":4149,"date":"2021-04-20T18:08:39","date_gmt":"2021-04-20T16:08:39","guid":{"rendered":"https:\/\/tohi.ee\/tohi-tuur\/"},"modified":"2022-08-19T15:02:38","modified_gmt":"2022-08-19T12:02:38","slug":"gintour","status":"publish","type":"page","link":"https:\/\/tohi.ee\/en\/gintour\/","title":{"rendered":"Tohi gin tour"},"content":{"rendered":"[vc_row type=&#8221;in_container&#8221; full_screen_row_position=&#8221;middle&#8221; column_margin=&#8221;default&#8221; column_direction=&#8221;default&#8221; column_direction_tablet=&#8221;default&#8221; column_direction_phone=&#8221;default&#8221; scene_position=&#8221;center&#8221; top_padding=&#8221;4%&#8221; bottom_padding=&#8221;8%&#8221; bottom_padding_tablet=&#8221;20%&#8221; bottom_padding_phone=&#8221;40%&#8221; text_color=&#8221;dark&#8221; text_align=&#8221;left&#8221; row_border_radius=&#8221;none&#8221; row_border_radius_applies=&#8221;bg&#8221; class=&#8221;tohi-distillery-room&#8221; overlay_strength=&#8221;0.3&#8243; gradient_direction=&#8221;left_to_right&#8221; enable_shape_divider=&#8221;true&#8221; shape_divider_color=&#8221;#3d4975&#8243; shape_divider_position=&#8221;bottom&#8221; shape_divider_height=&#8221;100&#8243; bg_image_animation=&#8221;none&#8221; shape_type=&#8221;tilt&#8221;][vc_column column_padding=&#8221;no-extra-padding&#8221; column_padding_tablet=&#8221;inherit&#8221; column_padding_phone=&#8221;inherit&#8221; column_padding_position=&#8221;all&#8221; column_element_spacing=&#8221;default&#8221; background_color_opacity=&#8221;1&#8243; background_hover_color_opacity=&#8221;1&#8243; column_shadow=&#8221;none&#8221; column_border_radius=&#8221;none&#8221; column_link_target=&#8221;_self&#8221; gradient_direction=&#8221;left_to_right&#8221; overlay_strength=&#8221;0.3&#8243; width=&#8221;5\/6&#8243; tablet_width_inherit=&#8221;default&#8221; tablet_text_alignment=&#8221;default&#8221; phone_text_alignment=&#8221;default&#8221; bg_image_animation=&#8221;none&#8221; border_type=&#8221;simple&#8221; column_border_width=&#8221;none&#8221; column_border_style=&#8221;solid&#8221;][vc_column_text]\n<h1>Gin tour &#8211; excursion at Tohi<\/h1>\n[\/vc_column_text][vc_column_text]Release the jinn (aka genie \u2013 that sounds almost as \u201egin\u201c!) out of the bottle. Start your meeting or a party with a tour at the Tohi distillery. During the excursion, the guide explains, how gin is made and probably spill some secrets. Gin tasting\u2013 but of course. Test your nose \u2013 can you recognize cassia bark, juniper berries of Immortelle flower notes? You will learn about the fascinating history of the distillery and get to know how a contemporary craft gin is created, bottled and labelled.<\/p>\n[\/vc_column_text][\/vc_column][vc_column column_padding=&#8221;no-extra-padding&#8221; column_padding_tablet=&#8221;inherit&#8221; column_padding_phone=&#8221;inherit&#8221; column_padding_position=&#8221;all&#8221; column_element_spacing=&#8221;default&#8221; background_color_opacity=&#8221;1&#8243; background_hover_color_opacity=&#8221;1&#8243; column_shadow=&#8221;none&#8221; column_border_radius=&#8221;none&#8221; column_link_target=&#8221;_self&#8221; gradient_direction=&#8221;left_to_right&#8221; overlay_strength=&#8221;0.3&#8243; width=&#8221;1\/6&#8243; tablet_width_inherit=&#8221;default&#8221; tablet_text_alignment=&#8221;default&#8221; phone_text_alignment=&#8221;default&#8221; bg_image_animation=&#8221;none&#8221; border_type=&#8221;simple&#8221; column_border_width=&#8221;none&#8221; column_border_style=&#8221;solid&#8221;][\/vc_column][\/vc_row][vc_row type=&#8221;full_width_background&#8221; full_screen_row_position=&#8221;middle&#8221; column_margin=&#8221;default&#8221; column_direction=&#8221;default&#8221; column_direction_tablet=&#8221;default&#8221; column_direction_phone=&#8221;default&#8221; bg_color=&#8221;#3d4975&#8243; scene_position=&#8221;center&#8221; top_padding=&#8221;2%&#8221; bottom_padding=&#8221;2%&#8221; top_padding_tablet=&#8221;5%&#8221; bottom_padding_tablet=&#8221;5%&#8221; top_padding_phone=&#8221;10%&#8221; bottom_padding_phone=&#8221;10%&#8221; text_color=&#8221;light&#8221; text_align=&#8221;left&#8221; row_border_radius=&#8221;none&#8221; row_border_radius_applies=&#8221;bg&#8221; overlay_strength=&#8221;0.3&#8243; gradient_direction=&#8221;left_to_right&#8221; shape_divider_position=&#8221;bottom&#8221; bg_image_animation=&#8221;none&#8221; shape_type=&#8221;&#8221;][vc_column column_padding=&#8221;no-extra-padding&#8221; column_padding_tablet=&#8221;inherit&#8221; column_padding_phone=&#8221;inherit&#8221; column_padding_position=&#8221;all&#8221; column_element_spacing=&#8221;default&#8221; background_color_opacity=&#8221;1&#8243; background_hover_color_opacity=&#8221;1&#8243; column_shadow=&#8221;none&#8221; column_border_radius=&#8221;none&#8221; column_link_target=&#8221;_self&#8221; gradient_direction=&#8221;left_to_right&#8221; overlay_strength=&#8221;0.3&#8243; width=&#8221;5\/6&#8243; tablet_width_inherit=&#8221;default&#8221; tablet_text_alignment=&#8221;default&#8221; phone_text_alignment=&#8221;default&#8221; bg_image_animation=&#8221;none&#8221; border_type=&#8221;simple&#8221; column_border_width=&#8221;none&#8221; column_border_style=&#8221;solid&#8221;][vc_column_text]\n<blockquote>\n<h3>Seems a fine idea to start off a meeting with a TOHI gin tour and then continue being all professional&#8230;<\/h3>\n<\/blockquote>\n[\/vc_column_text][\/vc_column][vc_column column_padding=&#8221;no-extra-padding&#8221; column_padding_tablet=&#8221;inherit&#8221; column_padding_phone=&#8221;inherit&#8221; column_padding_position=&#8221;all&#8221; column_element_spacing=&#8221;default&#8221; background_color_opacity=&#8221;1&#8243; background_hover_color_opacity=&#8221;1&#8243; column_shadow=&#8221;none&#8221; column_border_radius=&#8221;none&#8221; column_link_target=&#8221;_self&#8221; gradient_direction=&#8221;left_to_right&#8221; overlay_strength=&#8221;0.3&#8243; width=&#8221;1\/6&#8243; tablet_width_inherit=&#8221;default&#8221; tablet_text_alignment=&#8221;default&#8221; phone_text_alignment=&#8221;default&#8221; bg_image_animation=&#8221;none&#8221; border_type=&#8221;simple&#8221; column_border_width=&#8221;none&#8221; column_border_style=&#8221;solid&#8221;][\/vc_column][\/vc_row][vc_row type=&#8221;full_width_background&#8221; full_screen_row_position=&#8221;middle&#8221; column_margin=&#8221;default&#8221; column_direction=&#8221;default&#8221; column_direction_tablet=&#8221;default&#8221; column_direction_phone=&#8221;default&#8221; bg_color=&#8221;#3d4975&#8243; scene_position=&#8221;center&#8221; top_padding=&#8221;2%&#8221; bottom_padding=&#8221;2%&#8221; bottom_padding_tablet=&#8221;5%&#8221; bottom_padding_phone=&#8221;10%&#8221; text_color=&#8221;light&#8221; text_align=&#8221;left&#8221; row_border_radius=&#8221;none&#8221; row_border_radius_applies=&#8221;bg&#8221; overlay_strength=&#8221;0.3&#8243; gradient_direction=&#8221;left_to_right&#8221; shape_divider_position=&#8221;bottom&#8221; bg_image_animation=&#8221;none&#8221; shape_type=&#8221;&#8221;][vc_column column_padding=&#8221;no-extra-padding&#8221; column_padding_tablet=&#8221;inherit&#8221; column_padding_phone=&#8221;inherit&#8221; column_padding_position=&#8221;all&#8221; column_element_spacing=&#8221;default&#8221; background_color_opacity=&#8221;1&#8243; background_hover_color_opacity=&#8221;1&#8243; column_shadow=&#8221;none&#8221; column_border_radius=&#8221;none&#8221; column_link_target=&#8221;_self&#8221; gradient_direction=&#8221;left_to_right&#8221; overlay_strength=&#8221;0.3&#8243; width=&#8221;1\/2&#8243; tablet_width_inherit=&#8221;default&#8221; tablet_text_alignment=&#8221;default&#8221; phone_text_alignment=&#8221;default&#8221; bg_image_animation=&#8221;none&#8221; border_type=&#8221;simple&#8221; column_border_width=&#8221;none&#8221; column_border_style=&#8221;solid&#8221;][vc_column_text]\n<ul>\n<li>Gin tour for 1,5 hrs &#8211; excursion and gin tasting<\/li>\n<li>Minimal group size &#8211; 8 people<\/li>\n<\/ul>\n<p>Price: <span class=\"numbers-hl\">20 \u20ac per person.<\/span><\/p>\n<p>Price includes: gintour, tasting and one TOHI gin &amp; tonic cocktail.[\/vc_column_text][\/vc_column][vc_column column_padding=&#8221;no-extra-padding&#8221; column_padding_tablet=&#8221;inherit&#8221; column_padding_phone=&#8221;inherit&#8221; column_padding_position=&#8221;all&#8221; column_element_spacing=&#8221;default&#8221; background_color_opacity=&#8221;1&#8243; background_hover_color_opacity=&#8221;1&#8243; column_shadow=&#8221;none&#8221; column_border_radius=&#8221;none&#8221; column_link_target=&#8221;_self&#8221; gradient_direction=&#8221;left_to_right&#8221; overlay_strength=&#8221;0.3&#8243; width=&#8221;1\/2&#8243; tablet_width_inherit=&#8221;default&#8221; tablet_text_alignment=&#8221;default&#8221; phone_text_alignment=&#8221;default&#8221; bg_image_animation=&#8221;none&#8221; border_type=&#8221;simple&#8221; column_border_width=&#8221;none&#8221; column_border_style=&#8221;solid&#8221;][vc_column_text]\n<ul>\n<li>Feel like having some snacks along with the gin\u00a0 tonics? Order a gin matched snack plate &#8211; 10\u20ac per person.<\/li>\n<li>Hungry? Or feel like staying longer? Then stay longer and order lunch or dinner.<\/li>\n<li>Shopping? After the gintour, buy some gins and giftpacks directly at the distillery.<\/li>\n<\/ul>\n[\/vc_column_text][\/vc_column][\/vc_row][vc_row type=&#8221;in_container&#8221; full_screen_row_position=&#8221;middle&#8221; column_margin=&#8221;default&#8221; column_direction=&#8221;default&#8221; column_direction_tablet=&#8221;default&#8221; column_direction_phone=&#8221;default&#8221; scene_position=&#8221;center&#8221; top_padding=&#8221;8%&#8221; bottom_padding=&#8221;4%&#8221; top_padding_tablet=&#8221;15%&#8221; top_padding_phone=&#8221;20%&#8221; text_color=&#8221;dark&#8221; text_align=&#8221;left&#8221; row_border_radius=&#8221;none&#8221; row_border_radius_applies=&#8221;bg&#8221; overlay_strength=&#8221;0.3&#8243; gradient_direction=&#8221;left_to_right&#8221; enable_shape_divider=&#8221;true&#8221; shape_divider_color=&#8221;#3d4975&#8243; shape_divider_position=&#8221;top&#8221; shape_divider_height=&#8221;100&#8243; bg_image_animation=&#8221;none&#8221; shape_type=&#8221;tilt&#8221;][vc_column column_padding=&#8221;no-extra-padding&#8221; column_padding_tablet=&#8221;inherit&#8221; column_padding_phone=&#8221;inherit&#8221; column_padding_position=&#8221;all&#8221; column_element_spacing=&#8221;default&#8221; background_color_opacity=&#8221;1&#8243; background_hover_color_opacity=&#8221;1&#8243; column_shadow=&#8221;none&#8221; column_border_radius=&#8221;none&#8221; column_link_target=&#8221;_self&#8221; gradient_direction=&#8221;left_to_right&#8221; overlay_strength=&#8221;0.3&#8243; width=&#8221;1\/1&#8243; tablet_width_inherit=&#8221;default&#8221; tablet_text_alignment=&#8221;default&#8221; phone_text_alignment=&#8221;default&#8221; bg_image_animation=&#8221;none&#8221; border_type=&#8221;simple&#8221; column_border_width=&#8221;none&#8221; column_border_style=&#8221;solid&#8221;][vc_column_text]\n<h3>Book: <a href=\"mailto:maja@tohi.ee\">maja@tohi.ee<\/a> or call +372 525 3554<\/h3>\n[\/vc_column_text][\/vc_column][\/vc_row][vc_row type=&#8221;in_container&#8221; full_screen_row_position=&#8221;middle&#8221; column_margin=&#8221;default&#8221; column_direction=&#8221;default&#8221; column_direction_tablet=&#8221;default&#8221; column_direction_phone=&#8221;default&#8221; scene_position=&#8221;center&#8221; bottom_padding=&#8221;10%&#8221; text_color=&#8221;dark&#8221; text_align=&#8221;left&#8221; row_border_radius=&#8221;none&#8221; row_border_radius_applies=&#8221;bg&#8221; overlay_strength=&#8221;0.3&#8243; gradient_direction=&#8221;left_to_right&#8221; shape_divider_position=&#8221;bottom&#8221; bg_image_animation=&#8221;none&#8221; shape_type=&#8221;&#8221;][vc_column column_padding=&#8221;no-extra-padding&#8221; column_padding_tablet=&#8221;inherit&#8221; column_padding_phone=&#8221;inherit&#8221; column_padding_position=&#8221;all&#8221; column_element_spacing=&#8221;default&#8221; background_color_opacity=&#8221;1&#8243; background_hover_color_opacity=&#8221;1&#8243; column_shadow=&#8221;none&#8221; column_border_radius=&#8221;none&#8221; column_link_target=&#8221;_self&#8221; gradient_direction=&#8221;left_to_right&#8221; overlay_strength=&#8221;0.3&#8243; width=&#8221;3\/4&#8243; tablet_width_inherit=&#8221;default&#8221; tablet_text_alignment=&#8221;default&#8221; phone_text_alignment=&#8221;default&#8221; bg_image_animation=&#8221;none&#8221; border_type=&#8221;simple&#8221; column_border_width=&#8221;none&#8221; column_border_style=&#8221;solid&#8221;][vc_gallery type=&#8221;image_grid&#8221; images=&#8221;3198,3207,3204,2953,3195,3201,2956&#8243; image_grid_loading=&#8221;default&#8221; layout=&#8221;3&#8243; masonry_style=&#8221;true&#8221; bypass_image_cropping=&#8221;true&#8221; item_spacing=&#8221;default&#8221; gallery_style=&#8221;7&#8243; load_in_animation=&#8221;none&#8221; img_size=&#8221;full&#8221;][\/vc_column][vc_column column_padding=&#8221;no-extra-padding&#8221; column_padding_tablet=&#8221;inherit&#8221; column_padding_phone=&#8221;inherit&#8221; column_padding_position=&#8221;all&#8221; column_element_spacing=&#8221;default&#8221; background_color_opacity=&#8221;1&#8243; background_hover_color_opacity=&#8221;1&#8243; column_shadow=&#8221;none&#8221; column_border_radius=&#8221;none&#8221; column_link_target=&#8221;_self&#8221; gradient_direction=&#8221;left_to_right&#8221; overlay_strength=&#8221;0.3&#8243; width=&#8221;1\/4&#8243; tablet_width_inherit=&#8221;default&#8221; tablet_text_alignment=&#8221;default&#8221; phone_text_alignment=&#8221;default&#8221; bg_image_animation=&#8221;none&#8221; border_type=&#8221;simple&#8221; column_border_width=&#8221;none&#8221; column_border_style=&#8221;solid&#8221;][\/vc_column][\/vc_row]\n","protected":false},"excerpt":{"rendered":"<p>[vc_row type=&#8221;in_container&#8221; full_screen_row_position=&#8221;middle&#8221; column_margin=&#8221;default&#8221; column_direction=&#8221;default&#8221; column_direction_tablet=&#8221;default&#8221; column_direction_phone=&#8221;default&#8221; scene_position=&#8221;center&#8221; top_padding=&#8221;4%&#8221; bottom_padding=&#8221;8%&#8221; bottom_padding_tablet=&#8221;20%&#8221; bottom_padding_phone=&#8221;40%&#8221; text_color=&#8221;dark&#8221; text_align=&#8221;left&#8221; row_border_radius=&#8221;none&#8221; row_border_radius_applies=&#8221;bg&#8221; class=&#8221;tohi-distillery-room&#8221; overlay_strength=&#8221;0.3&#8243; gradient_direction=&#8221;left_to_right&#8221; enable_shape_divider=&#8221;true&#8221; shape_divider_color=&#8221;#3d4975&#8243; shape_divider_position=&#8221;bottom&#8221; shape_divider_height=&#8221;100&#8243; bg_image_animation=&#8221;none&#8221; shape_type=&#8221;tilt&#8221;][vc_column column_padding=&#8221;no-extra-padding&#8221; column_padding_tablet=&#8221;inherit&#8221; column_padding_phone=&#8221;inherit&#8221; column_padding_position=&#8221;all&#8221; column_element_spacing=&#8221;default&#8221;&#8230;<\/p>\n","protected":false},"author":1,"featured_media":0,"parent":0,"menu_order":0,"comment_status":"closed","ping_status":"closed","template":"","meta":{"inline_featured_image":false,"footnotes":""},"class_list":["post-4149","page","type-page","status-publish"],"yoast_head":"<!-- This site is optimized with the Yoast SEO plugin v27.0 - https:\/\/yoast.com\/product\/yoast-seo-wordpress\/ -->\n<title>Tohi Gin Distillery Gintour - explore the gin production secrets<\/title>\n<meta name=\"description\" content=\"Tohi Distillery Gintour - explore the distillery, discover gin production secrets, sample the gins at tasting.\" \/>\n<meta name=\"robots\" content=\"index, follow, max-snippet:-1, max-image-preview:large, max-video-preview:-1\" \/>\n<link rel=\"canonical\" href=\"https:\/\/tohi.ee\/en\/gintour\/\" \/>\n<meta property=\"og:locale\" content=\"en_US\" \/>\n<meta property=\"og:type\" content=\"article\" \/>\n<meta property=\"og:title\" content=\"Tohi Gin Distillery Gintour - explore the gin production secrets\" \/>\n<meta property=\"og:description\" content=\"Tohi Distillery Gintour - explore the distillery, discover gin production secrets, sample the gins at tasting.\" \/>\n<meta property=\"og:url\" content=\"https:\/\/tohi.ee\/en\/gintour\/\" \/>\n<meta property=\"og:site_name\" content=\"TOHI\" \/>\n<meta property=\"article:publisher\" content=\"https:\/\/www.facebook.com\/tohidistillery\" \/>\n<meta property=\"article:modified_time\" content=\"2022-08-19T12:02:38+00:00\" \/>\n<meta property=\"og:image\" content=\"https:\/\/tohi.ee\/wp-content\/uploads\/2024\/10\/tohi-distillery-maja-joekaldal-kohilas-1024x683.png\" \/>\n\t<meta property=\"og:image:width\" content=\"1024\" \/>\n\t<meta property=\"og:image:height\" content=\"683\" \/>\n\t<meta property=\"og:image:type\" content=\"image\/png\" \/>\n<meta name=\"twitter:card\" content=\"summary_large_image\" \/>\n<meta name=\"twitter:label1\" content=\"Est. reading time\" \/>\n\t<meta name=\"twitter:data1\" content=\"2 minutes\" \/>\n<script type=\"application\/ld+json\" class=\"yoast-schema-graph\">{\"@context\":\"https:\/\/schema.org\",\"@graph\":[{\"@type\":\"WebPage\",\"@id\":\"https:\/\/tohi.ee\/en\/gintour\/\",\"url\":\"https:\/\/tohi.ee\/en\/gintour\/\",\"name\":\"Tohi Gin Distillery Gintour - explore the gin production secrets\",\"isPartOf\":{\"@id\":\"https:\/\/tohi.ee\/#website\"},\"datePublished\":\"2021-04-20T16:08:39+00:00\",\"dateModified\":\"2022-08-19T12:02:38+00:00\",\"description\":\"Tohi Distillery Gintour - explore the distillery, discover gin production secrets, sample the gins at tasting.\",\"breadcrumb\":{\"@id\":\"https:\/\/tohi.ee\/en\/gintour\/#breadcrumb\"},\"inLanguage\":\"en-US\",\"potentialAction\":[{\"@type\":\"ReadAction\",\"target\":[\"https:\/\/tohi.ee\/en\/gintour\/\"]}]},{\"@type\":\"BreadcrumbList\",\"@id\":\"https:\/\/tohi.ee\/en\/gintour\/#breadcrumb\",\"itemListElement\":[{\"@type\":\"ListItem\",\"position\":1,\"name\":\"Home\",\"item\":\"https:\/\/tohi.ee\/en\/\"},{\"@type\":\"ListItem\",\"position\":2,\"name\":\"Tohi gin tour\"}]},{\"@type\":\"WebSite\",\"@id\":\"https:\/\/tohi.ee\/#website\",\"url\":\"https:\/\/tohi.ee\/\",\"name\":\"TOHI K\u00fclastuskeskus\",\"description\":\"D\u017einnivabrik ja ruumide rent pidudeks, s\u00fcndmusteks. Ekskursioonid\",\"publisher\":{\"@id\":\"https:\/\/tohi.ee\/#organization\"},\"potentialAction\":[{\"@type\":\"SearchAction\",\"target\":{\"@type\":\"EntryPoint\",\"urlTemplate\":\"https:\/\/tohi.ee\/?s={search_term_string}\"},\"query-input\":{\"@type\":\"PropertyValueSpecification\",\"valueRequired\":true,\"valueName\":\"search_term_string\"}}],\"inLanguage\":\"en-US\"},{\"@type\":\"Organization\",\"@id\":\"https:\/\/tohi.ee\/#organization\",\"name\":\"Tohi Distillery\",\"url\":\"https:\/\/tohi.ee\/\",\"logo\":{\"@type\":\"ImageObject\",\"inLanguage\":\"en-US\",\"@id\":\"https:\/\/tohi.ee\/#\/schema\/logo\/image\/\",\"url\":\"https:\/\/tohi.ee\/wp-content\/uploads\/2021\/01\/tohi-logo-r-1.png\",\"contentUrl\":\"https:\/\/tohi.ee\/wp-content\/uploads\/2021\/01\/tohi-logo-r-1.png\",\"width\":88,\"height\":120,\"caption\":\"Tohi Distillery\"},\"image\":{\"@id\":\"https:\/\/tohi.ee\/#\/schema\/logo\/image\/\"},\"sameAs\":[\"https:\/\/www.facebook.com\/tohidistillery\",\"https:\/\/www.instagram.com\/tohidistillery\/\"]}]}<\/script>\n<!-- \/ Yoast SEO plugin. -->","yoast_head_json":{"title":"Tohi Gin Distillery Gintour - explore the gin production secrets","description":"Tohi Distillery Gintour - explore the distillery, discover gin production secrets, sample the gins at tasting.","robots":{"index":"index","follow":"follow","max-snippet":"max-snippet:-1","max-image-preview":"max-image-preview:large","max-video-preview":"max-video-preview:-1"},"canonical":"https:\/\/tohi.ee\/en\/gintour\/","og_locale":"en_US","og_type":"article","og_title":"Tohi Gin Distillery Gintour - explore the gin production secrets","og_description":"Tohi Distillery Gintour - explore the distillery, discover gin production secrets, sample the gins at tasting.","og_url":"https:\/\/tohi.ee\/en\/gintour\/","og_site_name":"TOHI","article_publisher":"https:\/\/www.facebook.com\/tohidistillery","article_modified_time":"2022-08-19T12:02:38+00:00","og_image":[{"width":1024,"height":683,"url":"https:\/\/tohi.ee\/wp-content\/uploads\/2024\/10\/tohi-distillery-maja-joekaldal-kohilas-1024x683.png","type":"image\/png"}],"twitter_card":"summary_large_image","twitter_misc":{"Est. reading time":"2 minutes"},"schema":{"@context":"https:\/\/schema.org","@graph":[{"@type":"WebPage","@id":"https:\/\/tohi.ee\/en\/gintour\/","url":"https:\/\/tohi.ee\/en\/gintour\/","name":"Tohi Gin Distillery Gintour - explore the gin production secrets","isPartOf":{"@id":"https:\/\/tohi.ee\/#website"},"datePublished":"2021-04-20T16:08:39+00:00","dateModified":"2022-08-19T12:02:38+00:00","description":"Tohi Distillery Gintour - explore the distillery, discover gin production secrets, sample the gins at tasting.","breadcrumb":{"@id":"https:\/\/tohi.ee\/en\/gintour\/#breadcrumb"},"inLanguage":"en-US","potentialAction":[{"@type":"ReadAction","target":["https:\/\/tohi.ee\/en\/gintour\/"]}]},{"@type":"BreadcrumbList","@id":"https:\/\/tohi.ee\/en\/gintour\/#breadcrumb","itemListElement":[{"@type":"ListItem","position":1,"name":"Home","item":"https:\/\/tohi.ee\/en\/"},{"@type":"ListItem","position":2,"name":"Tohi gin tour"}]},{"@type":"WebSite","@id":"https:\/\/tohi.ee\/#website","url":"https:\/\/tohi.ee\/","name":"TOHI K\u00fclastuskeskus","description":"D\u017einnivabrik ja ruumide rent pidudeks, s\u00fcndmusteks. Ekskursioonid","publisher":{"@id":"https:\/\/tohi.ee\/#organization"},"potentialAction":[{"@type":"SearchAction","target":{"@type":"EntryPoint","urlTemplate":"https:\/\/tohi.ee\/?s={search_term_string}"},"query-input":{"@type":"PropertyValueSpecification","valueRequired":true,"valueName":"search_term_string"}}],"inLanguage":"en-US"},{"@type":"Organization","@id":"https:\/\/tohi.ee\/#organization","name":"Tohi Distillery","url":"https:\/\/tohi.ee\/","logo":{"@type":"ImageObject","inLanguage":"en-US","@id":"https:\/\/tohi.ee\/#\/schema\/logo\/image\/","url":"https:\/\/tohi.ee\/wp-content\/uploads\/2021\/01\/tohi-logo-r-1.png","contentUrl":"https:\/\/tohi.ee\/wp-content\/uploads\/2021\/01\/tohi-logo-r-1.png","width":88,"height":120,"caption":"Tohi Distillery"},"image":{"@id":"https:\/\/tohi.ee\/#\/schema\/logo\/image\/"},"sameAs":["https:\/\/www.facebook.com\/tohidistillery","https:\/\/www.instagram.com\/tohidistillery\/"]}]}},"_links":{"self":[{"href":"https:\/\/tohi.ee\/en\/wp-json\/wp\/v2\/pages\/4149","targetHints":{"allow":["GET"]}}],"collection":[{"href":"https:\/\/tohi.ee\/en\/wp-json\/wp\/v2\/pages"}],"about":[{"href":"https:\/\/tohi.ee\/en\/wp-json\/wp\/v2\/types\/page"}],"author":[{"embeddable":true,"href":"https:\/\/tohi.ee\/en\/wp-json\/wp\/v2\/users\/1"}],"replies":[{"embeddable":true,"href":"https:\/\/tohi.ee\/en\/wp-json\/wp\/v2\/comments?post=4149"}],"version-history":[{"count":8,"href":"https:\/\/tohi.ee\/en\/wp-json\/wp\/v2\/pages\/4149\/revisions"}],"predecessor-version":[{"id":9967,"href":"https:\/\/tohi.ee\/en\/wp-json\/wp\/v2\/pages\/4149\/revisions\/9967"}],"wp:attachment":[{"href":"https:\/\/tohi.ee\/en\/wp-json\/wp\/v2\/media?parent=4149"}],"curies":[{"name":"wp","href":"https:\/\/api.w.org\/{rel}","templated":true}]}}