{"id":4576,"date":"2021-04-22T08:37:11","date_gmt":"2021-04-22T06:37:11","guid":{"rendered":"https:\/\/tohi.ee\/tohi-gin\/"},"modified":"2024-10-07T09:09:58","modified_gmt":"2024-10-07T06:09:58","slug":"tohi-gin","status":"publish","type":"page","link":"https:\/\/tohi.ee\/ru\/","title":{"rendered":"TOHI Gin"},"content":{"rendered":"[vc_row type=&#187;full_width_background&#187; full_screen_row_position=&#187;middle&#187; column_margin=&#187;default&#187; column_direction=&#187;default&#187; column_direction_tablet=&#187;default&#187; column_direction_phone=&#187;default&#187; bg_image=&#187;5960&#8243; bg_position=&#187;left top&#187; background_image_loading=&#187;default&#187; bg_repeat=&#187;no-repeat&#187; full_height=&#187;yes&#187; scene_position=&#187;center&#187; top_padding=&#187;2%&#187; bottom_padding=&#187;1%&#187; text_color=&#187;light&#187; text_align=&#187;left&#187; row_border_radius=&#187;none&#187; row_border_radius_applies=&#187;bg&#187; enable_gradient=&#187;true&#187; color_overlay=&#187;rgba(0,0,0,0.6)&#187; color_overlay_2=&#187;rgba(10,10,10,0.27)&#187; overlay_strength=&#187;0.8&#8243; gradient_direction=&#187;top_to_bottom&#187; shape_divider_color=&#187;#3d4975&#8243; shape_divider_position=&#187;top&#187; shape_divider_height=&#187;300&#8243; bg_image_animation=&#187;none&#187; parallax_bg=&#187;true&#187; parallax_bg_speed=&#187;fast&#187; shape_type=&#187;tilt&#187;][vc_column column_padding=&#187;no-extra-padding&#187; column_padding_tablet=&#187;inherit&#187; column_padding_phone=&#187;inherit&#187; column_padding_position=&#187;all&#187; column_element_spacing=&#187;default&#187; centered_text=&#187;true&#187; background_color_opacity=&#187;1&#8243; background_hover_color_opacity=&#187;1&#8243; column_shadow=&#187;none&#187; column_border_radius=&#187;none&#187; column_link_target=&#187;_self&#187; gradient_direction=&#187;left_to_right&#187; overlay_strength=&#187;0.3&#8243; width=&#187;1\/1&#8243; tablet_width_inherit=&#187;default&#187; tablet_text_alignment=&#187;default&#187; phone_text_alignment=&#187;default&#187; bg_image_animation=&#187;none&#187; border_type=&#187;simple&#187; column_border_width=&#187;none&#187; column_border_style=&#187;solid&#187;][split_line_heading animation_type=&#187;default&#187;]\n<h1>\u0422\u0443\u0440\u0438\u0441\u0442\u0438\u0447\u0435\u0441\u043a\u0438\u0439 \u0446\u0435\u043d\u0442\u0440 \u0422\u043e\u0445\u0438<\/h1>\n[\/split_line_heading][divider line_type=&#187;Small Line&#187; line_alignment=&#187;default&#187; line_thickness=&#187;2&#8243; divider_color=&#187;accent-color&#187; animate=&#187;yes&#187; custom_height=&#187;40&#8243; custom_line_width=&#187;40&#8243;][vc_custom_heading text=&#187;TOHI &#8212; \u044d\u0442\u043e \u043d\u0435 \u043f\u0440\u043e\u0441\u0442\u043e \u0444\u0430\u0431\u0440\u0438\u043a\u0430 \u043f\u043e \u0438\u0437\u0433\u043e\u0442\u043e\u0432\u043b\u0435\u043d\u0438\u044e \u0434\u0436\u0438\u043d\u0430. \u0412\u044b \u043c\u043e\u0436\u0435\u0442\u0435 \u043f\u0440\u0438\u0435\u0445\u0430\u0442\u044c \u043a \u043d\u0430\u043c \u0438 \u043b\u0438\u0447\u043d\u043e \u0443\u0432\u0438\u0434\u0435\u0442\u044c, \u043a\u0430\u043a \u043f\u0440\u043e\u0438\u0437\u0432\u043e\u0434\u044f\u0442 \u0434\u0436\u0438\u043d. TOHI \u0442\u0443\u0440\u0438\u0441\u0442\u0438\u0447\u0435\u0441\u043a\u0438\u0439 \u0446\u0435\u043d\u0442\u0440 \u043e\u0442\u043a\u0440\u044b\u0442 \u0434\u043b\u044f \u0432\u0441\u0435\u0445 \u043f\u043e\u0441\u0435\u0442\u0438\u0442\u0435\u043b\u0435\u0439 , \u043a\u0442\u043e \u0438\u043d\u0442\u0435\u0440\u0435\u0441\u0443\u0435\u0442\u0441\u044f \u0434\u0436\u0438\u043d\u043e\u043c \u0438\u043b\u0438 \u0436\u0435\u043b\u0430\u0435\u0442 \u043e\u0440\u0433\u0430\u043d\u0438\u0437\u043e\u0432\u0430\u0442\u044c \u0432\u0441\u0442\u0440\u0435\u0447\u0443, \u0441\u0435\u043c\u0438\u043d\u0430\u0440, \u0442\u0440\u0435\u043d\u0438\u043d\u0433, \u0434\u0435\u043d\u044c \u0440\u043e\u0436\u0434\u0435\u043d\u0438\u044f \u0438\u043b\u0438 \u0434\u0440\u0443\u0433\u043e\u0435 \u043c\u0435\u0440\u043e\u043f\u0440\u0438\u044f\u0442\u0438\u0435.&#187; font_container=&#187;tag:h5|font_size:20|text_align:center|line_height:36px&#187; google_fonts=&#187;font_family:Roboto%3A100%2C100italic%2C300%2C300italic%2Cregular%2Citalic%2C500%2C500italic%2C700%2C700italic%2C900%2C900italic|font_style:300%20light%20regular%3A300%3Anormal&#187; css=&#187;.vc_custom_1660909374687{padding-right: 10% !important;padding-left: 10% !important;}&#187;][nectar_btn size=&#187;large&#187; constrain_group_2=&#187;yes&#187; button_style=&#187;regular&#187; button_color_2=&#187;Accent-Color&#187; color_override=&#187;#ff7176&#8243; icon_family=&#187;none&#187; text=&#187;\u041f\u0420\u0418\u0425\u041e\u0414\u0418 \u0412 \u0413\u041e\u0421\u0422\u0418&#187; margin_top=&#187;40&#8243; margin_bottom=&#187;10&#8243; margin_left=&#187;10&#8243; margin_right=&#187;10&#8243; url=&#187;\/arenda&#187;][\/vc_column][\/vc_row]\n","protected":false},"excerpt":{"rendered":"<p>[vc_row type=&#187;full_width_background&#187; full_screen_row_position=&#187;middle&#187; column_margin=&#187;default&#187; column_direction=&#187;default&#187; column_direction_tablet=&#187;default&#187; column_direction_phone=&#187;default&#187; bg_image=&#187;5960&#8243; bg_position=&#187;left top&#187; background_image_loading=&#187;default&#187; bg_repeat=&#187;no-repeat&#187; full_height=&#187;yes&#187; scene_position=&#187;center&#187; top_padding=&#187;2%&#187; bottom_padding=&#187;1%&#187; text_color=&#187;light&#187; text_align=&#187;left&#187; row_border_radius=&#187;none&#187; row_border_radius_applies=&#187;bg&#187; enable_gradient=&#187;true&#187; color_overlay=&#187;rgba(0,0,0,0.6)&#187; color_overlay_2=&#187;rgba(10,10,10,0.27)&#187; overlay_strength=&#187;0.8&#8243; gradient_direction=&#187;top_to_bottom&#187; shape_divider_color=&#187;#3d4975&#8243; shape_divider_position=&#187;top&#187; shape_divider_height=&#187;300&#8243; bg_image_animation=&#187;none&#187; parallax_bg=&#187;true&#187;&#8230;<\/p>\n","protected":false},"author":1,"featured_media":0,"parent":0,"menu_order":0,"comment_status":"closed","ping_status":"closed","template":"","meta":{"inline_featured_image":false,"footnotes":""},"class_list":["post-4576","page","type-page","status-publish"],"yoast_head":"<!-- This site is optimized with the Yoast SEO plugin v27.0 - https:\/\/yoast.com\/product\/yoast-seo-wordpress\/ -->\n<title>\u0434\u0436\u0438\u043d \u0440\u0443\u0447\u043d\u043e\u0433\u043e \u043f\u0440\u0438\u0433\u043e\u0442\u043e\u0432\u043b\u0435\u043d\u0438\u044f. \u0434\u0436\u0438\u043d \u0442\u0443\u0440 \u0438 \u0430\u0440\u0435\u043d\u0434\u0430 \u043a\u043e\u043c\u043d\u0430\u0442<\/title>\n<meta name=\"description\" content=\"\u042d\u0441\u0442\u043e\u043d\u0441\u043a\u0438\u0435 \u0440\u0435\u043c\u0435\u0441\u043b\u0435\u043d\u043d\u044b\u0435 \u0434\u0436\u0438\u043d\u044b \u043e\u0442 Tohi Distillery. \u0421\u0430\u043c\u044b\u0439 \u043d\u0430\u0433\u0440\u0430\u0436\u0434\u0430\u0435\u043c\u044b\u0439 \u0434\u0436\u0438\u043d \u0438\u0437 \u043c\u043e\u0440\u043e\u0448\u043a\u0438 Cloudberry Mist, London Dry Gin, \u0441\u043f\u0435\u0446\u0438\u0430\u043b\u044c\u043d\u044b\u0439 \u0434\u0436\u0438\u043d Aronia Infused. \u0426\u0435\u043d\u0442\u0440 \u043f\u043e\u0441\u0435\u0442\u0438\u0442\u0435\u043b\u0435\u0439.\" \/>\n<meta name=\"robots\" content=\"index, follow, max-snippet:-1, max-image-preview:large, max-video-preview:-1\" \/>\n<link rel=\"canonical\" href=\"https:\/\/tohi.ee\/ru\/\" \/>\n<meta property=\"og:locale\" content=\"ru_RU\" \/>\n<meta property=\"og:type\" content=\"article\" \/>\n<meta property=\"og:title\" content=\"\u0434\u0436\u0438\u043d \u0440\u0443\u0447\u043d\u043e\u0433\u043e \u043f\u0440\u0438\u0433\u043e\u0442\u043e\u0432\u043b\u0435\u043d\u0438\u044f. \u0434\u0436\u0438\u043d \u0442\u0443\u0440 \u0438 \u0430\u0440\u0435\u043d\u0434\u0430 \u043a\u043e\u043c\u043d\u0430\u0442\" \/>\n<meta property=\"og:description\" content=\"\u042d\u0441\u0442\u043e\u043d\u0441\u043a\u0438\u0435 \u0440\u0435\u043c\u0435\u0441\u043b\u0435\u043d\u043d\u044b\u0435 \u0434\u0436\u0438\u043d\u044b \u043e\u0442 Tohi Distillery. \u0421\u0430\u043c\u044b\u0439 \u043d\u0430\u0433\u0440\u0430\u0436\u0434\u0430\u0435\u043c\u044b\u0439 \u0434\u0436\u0438\u043d \u0438\u0437 \u043c\u043e\u0440\u043e\u0448\u043a\u0438 Cloudberry Mist, London Dry Gin, \u0441\u043f\u0435\u0446\u0438\u0430\u043b\u044c\u043d\u044b\u0439 \u0434\u0436\u0438\u043d Aronia Infused. \u0426\u0435\u043d\u0442\u0440 \u043f\u043e\u0441\u0435\u0442\u0438\u0442\u0435\u043b\u0435\u0439.\" \/>\n<meta property=\"og:url\" content=\"https:\/\/tohi.ee\/ru\/\" \/>\n<meta property=\"og:site_name\" content=\"TOHI Distillery ruumide rent &amp; k\u00fclastuskeskus\" \/>\n<meta property=\"article:publisher\" content=\"https:\/\/www.facebook.com\/tohidistillery\" \/>\n<meta property=\"article:modified_time\" content=\"2024-10-07T06:09:58+00:00\" \/>\n<meta property=\"og:image\" content=\"https:\/\/tohi.ee\/wp-content\/uploads\/2024\/10\/tohi-distillery-maja-joekaldal-kohilas-1024x683.png\" \/>\n\t<meta property=\"og:image:width\" content=\"1024\" \/>\n\t<meta property=\"og:image:height\" content=\"683\" \/>\n\t<meta property=\"og:image:type\" content=\"image\/png\" \/>\n<meta name=\"twitter:card\" content=\"summary_large_image\" \/>\n<meta name=\"twitter:label1\" content=\"\u041f\u0440\u0438\u043c\u0435\u0440\u043d\u043e\u0435 \u0432\u0440\u0435\u043c\u044f \u0434\u043b\u044f \u0447\u0442\u0435\u043d\u0438\u044f\" \/>\n\t<meta name=\"twitter:data1\" content=\"1 \u043c\u0438\u043d\u0443\u0442\u0430\" \/>\n<script type=\"application\/ld+json\" class=\"yoast-schema-graph\">{\"@context\":\"https:\/\/schema.org\",\"@graph\":[{\"@type\":\"WebPage\",\"@id\":\"https:\/\/tohi.ee\/ru\/\",\"url\":\"https:\/\/tohi.ee\/ru\/\",\"name\":\"\u0434\u0436\u0438\u043d \u0440\u0443\u0447\u043d\u043e\u0433\u043e \u043f\u0440\u0438\u0433\u043e\u0442\u043e\u0432\u043b\u0435\u043d\u0438\u044f. \u0434\u0436\u0438\u043d \u0442\u0443\u0440 \u0438 \u0430\u0440\u0435\u043d\u0434\u0430 \u043a\u043e\u043c\u043d\u0430\u0442\",\"isPartOf\":{\"@id\":\"https:\/\/tohi.ee\/#website\"},\"datePublished\":\"2021-04-22T06:37:11+00:00\",\"dateModified\":\"2024-10-07T06:09:58+00:00\",\"description\":\"\u042d\u0441\u0442\u043e\u043d\u0441\u043a\u0438\u0435 \u0440\u0435\u043c\u0435\u0441\u043b\u0435\u043d\u043d\u044b\u0435 \u0434\u0436\u0438\u043d\u044b \u043e\u0442 Tohi Distillery. \u0421\u0430\u043c\u044b\u0439 \u043d\u0430\u0433\u0440\u0430\u0436\u0434\u0430\u0435\u043c\u044b\u0439 \u0434\u0436\u0438\u043d \u0438\u0437 \u043c\u043e\u0440\u043e\u0448\u043a\u0438 Cloudberry Mist, London Dry Gin, \u0441\u043f\u0435\u0446\u0438\u0430\u043b\u044c\u043d\u044b\u0439 \u0434\u0436\u0438\u043d Aronia Infused. \u0426\u0435\u043d\u0442\u0440 \u043f\u043e\u0441\u0435\u0442\u0438\u0442\u0435\u043b\u0435\u0439.\",\"breadcrumb\":{\"@id\":\"https:\/\/tohi.ee\/ru\/#breadcrumb\"},\"inLanguage\":\"ru-RU\",\"potentialAction\":[{\"@type\":\"ReadAction\",\"target\":[\"https:\/\/tohi.ee\/ru\/\"]}]},{\"@type\":\"BreadcrumbList\",\"@id\":\"https:\/\/tohi.ee\/ru\/#breadcrumb\",\"itemListElement\":[{\"@type\":\"ListItem\",\"position\":1,\"name\":\"Home\",\"item\":\"https:\/\/tohi.ee\/ru\/\"},{\"@type\":\"ListItem\",\"position\":2,\"name\":\"TOHI Gin\"}]},{\"@type\":\"WebSite\",\"@id\":\"https:\/\/tohi.ee\/#website\",\"url\":\"https:\/\/tohi.ee\/\",\"name\":\"TOHI K\u00fclastuskeskus\",\"description\":\"D\u017einnivabrik ja ruumide rent pidudeks, s\u00fcndmusteks. Ekskursioonid\",\"publisher\":{\"@id\":\"https:\/\/tohi.ee\/#organization\"},\"potentialAction\":[{\"@type\":\"SearchAction\",\"target\":{\"@type\":\"EntryPoint\",\"urlTemplate\":\"https:\/\/tohi.ee\/?s={search_term_string}\"},\"query-input\":{\"@type\":\"PropertyValueSpecification\",\"valueRequired\":true,\"valueName\":\"search_term_string\"}}],\"inLanguage\":\"ru-RU\"},{\"@type\":\"Organization\",\"@id\":\"https:\/\/tohi.ee\/#organization\",\"name\":\"Tohi Distillery\",\"url\":\"https:\/\/tohi.ee\/\",\"logo\":{\"@type\":\"ImageObject\",\"inLanguage\":\"ru-RU\",\"@id\":\"https:\/\/tohi.ee\/#\/schema\/logo\/image\/\",\"url\":\"https:\/\/tohi.ee\/wp-content\/uploads\/2021\/01\/tohi-logo-r-1.png\",\"contentUrl\":\"https:\/\/tohi.ee\/wp-content\/uploads\/2021\/01\/tohi-logo-r-1.png\",\"width\":88,\"height\":120,\"caption\":\"Tohi Distillery\"},\"image\":{\"@id\":\"https:\/\/tohi.ee\/#\/schema\/logo\/image\/\"},\"sameAs\":[\"https:\/\/www.facebook.com\/tohidistillery\",\"https:\/\/www.instagram.com\/tohidistillery\/\"]}]}<\/script>\n<!-- \/ Yoast SEO plugin. -->","yoast_head_json":{"title":"\u0434\u0436\u0438\u043d \u0440\u0443\u0447\u043d\u043e\u0433\u043e \u043f\u0440\u0438\u0433\u043e\u0442\u043e\u0432\u043b\u0435\u043d\u0438\u044f. \u0434\u0436\u0438\u043d \u0442\u0443\u0440 \u0438 \u0430\u0440\u0435\u043d\u0434\u0430 \u043a\u043e\u043c\u043d\u0430\u0442","description":"\u042d\u0441\u0442\u043e\u043d\u0441\u043a\u0438\u0435 \u0440\u0435\u043c\u0435\u0441\u043b\u0435\u043d\u043d\u044b\u0435 \u0434\u0436\u0438\u043d\u044b \u043e\u0442 Tohi Distillery. \u0421\u0430\u043c\u044b\u0439 \u043d\u0430\u0433\u0440\u0430\u0436\u0434\u0430\u0435\u043c\u044b\u0439 \u0434\u0436\u0438\u043d \u0438\u0437 \u043c\u043e\u0440\u043e\u0448\u043a\u0438 Cloudberry Mist, London Dry Gin, \u0441\u043f\u0435\u0446\u0438\u0430\u043b\u044c\u043d\u044b\u0439 \u0434\u0436\u0438\u043d Aronia Infused. \u0426\u0435\u043d\u0442\u0440 \u043f\u043e\u0441\u0435\u0442\u0438\u0442\u0435\u043b\u0435\u0439.","robots":{"index":"index","follow":"follow","max-snippet":"max-snippet:-1","max-image-preview":"max-image-preview:large","max-video-preview":"max-video-preview:-1"},"canonical":"https:\/\/tohi.ee\/ru\/","og_locale":"ru_RU","og_type":"article","og_title":"\u0434\u0436\u0438\u043d \u0440\u0443\u0447\u043d\u043e\u0433\u043e \u043f\u0440\u0438\u0433\u043e\u0442\u043e\u0432\u043b\u0435\u043d\u0438\u044f. \u0434\u0436\u0438\u043d \u0442\u0443\u0440 \u0438 \u0430\u0440\u0435\u043d\u0434\u0430 \u043a\u043e\u043c\u043d\u0430\u0442","og_description":"\u042d\u0441\u0442\u043e\u043d\u0441\u043a\u0438\u0435 \u0440\u0435\u043c\u0435\u0441\u043b\u0435\u043d\u043d\u044b\u0435 \u0434\u0436\u0438\u043d\u044b \u043e\u0442 Tohi Distillery. \u0421\u0430\u043c\u044b\u0439 \u043d\u0430\u0433\u0440\u0430\u0436\u0434\u0430\u0435\u043c\u044b\u0439 \u0434\u0436\u0438\u043d \u0438\u0437 \u043c\u043e\u0440\u043e\u0448\u043a\u0438 Cloudberry Mist, London Dry Gin, \u0441\u043f\u0435\u0446\u0438\u0430\u043b\u044c\u043d\u044b\u0439 \u0434\u0436\u0438\u043d Aronia Infused. \u0426\u0435\u043d\u0442\u0440 \u043f\u043e\u0441\u0435\u0442\u0438\u0442\u0435\u043b\u0435\u0439.","og_url":"https:\/\/tohi.ee\/ru\/","og_site_name":"TOHI Distillery ruumide rent &amp; k\u00fclastuskeskus","article_publisher":"https:\/\/www.facebook.com\/tohidistillery","article_modified_time":"2024-10-07T06:09:58+00:00","og_image":[{"width":1024,"height":683,"url":"https:\/\/tohi.ee\/wp-content\/uploads\/2024\/10\/tohi-distillery-maja-joekaldal-kohilas-1024x683.png","type":"image\/png"}],"twitter_card":"summary_large_image","twitter_misc":{"\u041f\u0440\u0438\u043c\u0435\u0440\u043d\u043e\u0435 \u0432\u0440\u0435\u043c\u044f \u0434\u043b\u044f \u0447\u0442\u0435\u043d\u0438\u044f":"1 \u043c\u0438\u043d\u0443\u0442\u0430"},"schema":{"@context":"https:\/\/schema.org","@graph":[{"@type":"WebPage","@id":"https:\/\/tohi.ee\/ru\/","url":"https:\/\/tohi.ee\/ru\/","name":"\u0434\u0436\u0438\u043d \u0440\u0443\u0447\u043d\u043e\u0433\u043e \u043f\u0440\u0438\u0433\u043e\u0442\u043e\u0432\u043b\u0435\u043d\u0438\u044f. \u0434\u0436\u0438\u043d \u0442\u0443\u0440 \u0438 \u0430\u0440\u0435\u043d\u0434\u0430 \u043a\u043e\u043c\u043d\u0430\u0442","isPartOf":{"@id":"https:\/\/tohi.ee\/#website"},"datePublished":"2021-04-22T06:37:11+00:00","dateModified":"2024-10-07T06:09:58+00:00","description":"\u042d\u0441\u0442\u043e\u043d\u0441\u043a\u0438\u0435 \u0440\u0435\u043c\u0435\u0441\u043b\u0435\u043d\u043d\u044b\u0435 \u0434\u0436\u0438\u043d\u044b \u043e\u0442 Tohi Distillery. \u0421\u0430\u043c\u044b\u0439 \u043d\u0430\u0433\u0440\u0430\u0436\u0434\u0430\u0435\u043c\u044b\u0439 \u0434\u0436\u0438\u043d \u0438\u0437 \u043c\u043e\u0440\u043e\u0448\u043a\u0438 Cloudberry Mist, London Dry Gin, \u0441\u043f\u0435\u0446\u0438\u0430\u043b\u044c\u043d\u044b\u0439 \u0434\u0436\u0438\u043d Aronia Infused. \u0426\u0435\u043d\u0442\u0440 \u043f\u043e\u0441\u0435\u0442\u0438\u0442\u0435\u043b\u0435\u0439.","breadcrumb":{"@id":"https:\/\/tohi.ee\/ru\/#breadcrumb"},"inLanguage":"ru-RU","potentialAction":[{"@type":"ReadAction","target":["https:\/\/tohi.ee\/ru\/"]}]},{"@type":"BreadcrumbList","@id":"https:\/\/tohi.ee\/ru\/#breadcrumb","itemListElement":[{"@type":"ListItem","position":1,"name":"Home","item":"https:\/\/tohi.ee\/ru\/"},{"@type":"ListItem","position":2,"name":"TOHI Gin"}]},{"@type":"WebSite","@id":"https:\/\/tohi.ee\/#website","url":"https:\/\/tohi.ee\/","name":"TOHI K\u00fclastuskeskus","description":"D\u017einnivabrik ja ruumide rent pidudeks, s\u00fcndmusteks. Ekskursioonid","publisher":{"@id":"https:\/\/tohi.ee\/#organization"},"potentialAction":[{"@type":"SearchAction","target":{"@type":"EntryPoint","urlTemplate":"https:\/\/tohi.ee\/?s={search_term_string}"},"query-input":{"@type":"PropertyValueSpecification","valueRequired":true,"valueName":"search_term_string"}}],"inLanguage":"ru-RU"},{"@type":"Organization","@id":"https:\/\/tohi.ee\/#organization","name":"Tohi Distillery","url":"https:\/\/tohi.ee\/","logo":{"@type":"ImageObject","inLanguage":"ru-RU","@id":"https:\/\/tohi.ee\/#\/schema\/logo\/image\/","url":"https:\/\/tohi.ee\/wp-content\/uploads\/2021\/01\/tohi-logo-r-1.png","contentUrl":"https:\/\/tohi.ee\/wp-content\/uploads\/2021\/01\/tohi-logo-r-1.png","width":88,"height":120,"caption":"Tohi Distillery"},"image":{"@id":"https:\/\/tohi.ee\/#\/schema\/logo\/image\/"},"sameAs":["https:\/\/www.facebook.com\/tohidistillery","https:\/\/www.instagram.com\/tohidistillery\/"]}]}},"_links":{"self":[{"href":"https:\/\/tohi.ee\/ru\/wp-json\/wp\/v2\/pages\/4576","targetHints":{"allow":["GET"]}}],"collection":[{"href":"https:\/\/tohi.ee\/ru\/wp-json\/wp\/v2\/pages"}],"about":[{"href":"https:\/\/tohi.ee\/ru\/wp-json\/wp\/v2\/types\/page"}],"author":[{"embeddable":true,"href":"https:\/\/tohi.ee\/ru\/wp-json\/wp\/v2\/users\/1"}],"replies":[{"embeddable":true,"href":"https:\/\/tohi.ee\/ru\/wp-json\/wp\/v2\/comments?post=4576"}],"version-history":[{"count":19,"href":"https:\/\/tohi.ee\/ru\/wp-json\/wp\/v2\/pages\/4576\/revisions"}],"predecessor-version":[{"id":10508,"href":"https:\/\/tohi.ee\/ru\/wp-json\/wp\/v2\/pages\/4576\/revisions\/10508"}],"wp:attachment":[{"href":"https:\/\/tohi.ee\/ru\/wp-json\/wp\/v2\/media?parent=4576"}],"curies":[{"name":"wp","href":"https:\/\/api.w.org\/{rel}","templated":true}]}}